{"id":763,"date":"2023-11-22T11:49:32","date_gmt":"2023-11-22T16:49:32","guid":{"rendered":"https:\/\/www.wcgiconsulting.com\/services\/"},"modified":"2023-11-23T13:55:40","modified_gmt":"2023-11-23T18:55:40","slug":"services","status":"publish","type":"page","link":"https:\/\/www.wcgiconsulting.com\/fr\/services\/","title":{"rendered":"SERVICES"},"content":{"rendered":"\t\t<div data-elementor-type=\"wp-page\" data-elementor-id=\"763\" class=\"elementor elementor-763 elementor-43\">\n\t\t\t\t\t\t\t\t\t<section class=\"elementor-section elementor-top-section elementor-element elementor-element-97a1a94 banner elementor-section-boxed elementor-section-height-default elementor-section-height-default\" data-id=\"97a1a94\" data-element_type=\"section\" data-settings=\"{&quot;background_background&quot;:&quot;classic&quot;}\">\n\t\t\t\t\t\t<div class=\"elementor-container elementor-column-gap-default\">\n\t\t\t\t\t<div class=\"elementor-column elementor-col-50 elementor-top-column elementor-element elementor-element-cf9cb30\" data-id=\"cf9cb30\" data-element_type=\"column\">\n\t\t\t<div class=\"elementor-widget-wrap elementor-element-populated\">\n\t\t\t\t\t\t\t\t<div class=\"elementor-element elementor-element-d30c671 elementor-widget elementor-widget-heading\" data-id=\"d30c671\" data-element_type=\"widget\" data-widget_type=\"heading.default\">\n\t\t\t\t<div class=\"elementor-widget-container\">\n\t\t\t<style>\/*! elementor - v3.17.0 - 08-11-2023 *\/\n.elementor-heading-title{padding:0;margin:0;line-height:1}.elementor-widget-heading .elementor-heading-title[class*=elementor-size-]>a{color:inherit;font-size:inherit;line-height:inherit}.elementor-widget-heading .elementor-heading-title.elementor-size-small{font-size:15px}.elementor-widget-heading .elementor-heading-title.elementor-size-medium{font-size:19px}.elementor-widget-heading .elementor-heading-title.elementor-size-large{font-size:29px}.elementor-widget-heading .elementor-heading-title.elementor-size-xl{font-size:39px}.elementor-widget-heading .elementor-heading-title.elementor-size-xxl{font-size:59px}<\/style><h1 class=\"elementor-heading-title elementor-size-default\">NOUS OFFRONS DES SERVICES DE TRADUCTION PROFESSIONNELLE POUR LES ENTREPRISES.<\/h1>\t\t<\/div>\n\t\t\t\t<\/div>\n\t\t\t\t<div class=\"elementor-element elementor-element-6c259f7 elementor-widget elementor-widget-button\" data-id=\"6c259f7\" data-element_type=\"widget\" data-widget_type=\"button.default\">\n\t\t\t\t<div class=\"elementor-widget-container\">\n\t\t\t\t\t<div class=\"elementor-button-wrapper\">\n\t\t\t<a class=\"elementor-button elementor-button-link elementor-size-sm\" href=\"https:\/\/www.wcgiconsulting.com\/fr\/nous-joindre\/\">\n\t\t\t\t\t\t<span class=\"elementor-button-content-wrapper\">\n\t\t\t\t\t\t<span class=\"elementor-button-text\">PARLEZ \u00c0 NOS EXPERTS!<\/span>\n\t\t<\/span>\n\t\t\t\t\t<\/a>\n\t\t<\/div>\n\t\t\t\t<\/div>\n\t\t\t\t<\/div>\n\t\t\t\t\t<\/div>\n\t\t<\/div>\n\t\t\t\t<div class=\"elementor-column elementor-col-50 elementor-top-column elementor-element elementor-element-218f189 elementor-hidden-mobile\" data-id=\"218f189\" data-element_type=\"column\">\n\t\t\t<div class=\"elementor-widget-wrap elementor-element-populated\">\n\t\t\t\t\t\t\t\t<div class=\"elementor-element elementor-element-5ca06c2 elementor-hidden-mobile elementor-widget elementor-widget-image\" data-id=\"5ca06c2\" data-element_type=\"widget\" data-widget_type=\"image.default\">\n\t\t\t\t<div class=\"elementor-widget-container\">\n\t\t\t<style>\/*! elementor - v3.17.0 - 08-11-2023 *\/\n.elementor-widget-image{text-align:center}.elementor-widget-image a{display:inline-block}.elementor-widget-image a img[src$=\".svg\"]{width:48px}.elementor-widget-image img{vertical-align:middle;display:inline-block}<\/style>\t\t\t\t\t\t\t\t\t\t\t\t<img loading=\"lazy\" decoding=\"async\" width=\"536\" height=\"519\" src=\"https:\/\/www.wcgiconsulting.com\/wp-content\/uploads\/2023\/11\/dots.png\" class=\"attachment-large size-large wp-image-12\" alt=\"\" srcset=\"https:\/\/www.wcgiconsulting.com\/wp-content\/uploads\/2023\/11\/dots.png 536w, https:\/\/www.wcgiconsulting.com\/wp-content\/uploads\/2023\/11\/dots-300x290.png 300w\" sizes=\"auto, (max-width: 536px) 100vw, 536px\" \/>\t\t\t\t\t\t\t\t\t\t\t\t\t\t\t<\/div>\n\t\t\t\t<\/div>\n\t\t\t\t<div class=\"elementor-element elementor-element-fdba010 elementor-absolute elementor-hidden-mobile elementor-widget elementor-widget-image\" data-id=\"fdba010\" data-element_type=\"widget\" data-settings=\"{&quot;_position&quot;:&quot;absolute&quot;}\" data-widget_type=\"image.default\">\n\t\t\t\t<div class=\"elementor-widget-container\">\n\t\t\t\t\t\t\t\t\t\t\t\t\t\t\t<img loading=\"lazy\" decoding=\"async\" width=\"800\" height=\"503\" src=\"https:\/\/www.wcgiconsulting.com\/wp-content\/uploads\/2023\/11\/notes.png\" class=\"attachment-large size-large wp-image-17\" alt=\"\" srcset=\"https:\/\/www.wcgiconsulting.com\/wp-content\/uploads\/2023\/11\/notes.png 848w, https:\/\/www.wcgiconsulting.com\/wp-content\/uploads\/2023\/11\/notes-300x189.png 300w, https:\/\/www.wcgiconsulting.com\/wp-content\/uploads\/2023\/11\/notes-768x483.png 768w\" sizes=\"auto, (max-width: 800px) 100vw, 800px\" \/>\t\t\t\t\t\t\t\t\t\t\t\t\t\t\t<\/div>\n\t\t\t\t<\/div>\n\t\t\t\t\t<\/div>\n\t\t<\/div>\n\t\t\t\t\t\t\t<\/div>\n\t\t<\/section>\n\t\t\t\t<section class=\"elementor-section elementor-top-section elementor-element elementor-element-7e1374e elementor-section-content-middle elementor-section-boxed elementor-section-height-default elementor-section-height-default\" data-id=\"7e1374e\" data-element_type=\"section\">\n\t\t\t\t\t\t<div class=\"elementor-container elementor-column-gap-default\">\n\t\t\t\t\t<div class=\"elementor-column elementor-col-50 elementor-top-column elementor-element elementor-element-9fbe713 elementor-hidden-tablet elementor-hidden-mobile\" data-id=\"9fbe713\" data-element_type=\"column\">\n\t\t\t<div class=\"elementor-widget-wrap elementor-element-populated\">\n\t\t\t\t\t\t\t\t<div class=\"elementor-element elementor-element-f0a3902 elementor-hidden-tablet elementor-hidden-mobile elementor-widget elementor-widget-image\" data-id=\"f0a3902\" data-element_type=\"widget\" data-widget_type=\"image.default\">\n\t\t\t\t<div class=\"elementor-widget-container\">\n\t\t\t\t\t\t\t\t\t\t\t\t\t\t\t<img loading=\"lazy\" decoding=\"async\" width=\"952\" height=\"523\" src=\"https:\/\/www.wcgiconsulting.com\/wp-content\/uploads\/2023\/11\/meeting.png\" class=\"attachment-full size-full wp-image-16\" alt=\"\" srcset=\"https:\/\/www.wcgiconsulting.com\/wp-content\/uploads\/2023\/11\/meeting.png 952w, https:\/\/www.wcgiconsulting.com\/wp-content\/uploads\/2023\/11\/meeting-300x165.png 300w, https:\/\/www.wcgiconsulting.com\/wp-content\/uploads\/2023\/11\/meeting-768x422.png 768w\" sizes=\"auto, (max-width: 952px) 100vw, 952px\" \/>\t\t\t\t\t\t\t\t\t\t\t\t\t\t\t<\/div>\n\t\t\t\t<\/div>\n\t\t\t\t\t<\/div>\n\t\t<\/div>\n\t\t\t\t<div class=\"elementor-column elementor-col-50 elementor-top-column elementor-element elementor-element-9c2635e\" data-id=\"9c2635e\" data-element_type=\"column\">\n\t\t\t<div class=\"elementor-widget-wrap elementor-element-populated\">\n\t\t\t\t\t\t\t\t<div class=\"elementor-element elementor-element-f0a13b3 elementor-widget elementor-widget-heading\" data-id=\"f0a13b3\" data-element_type=\"widget\" data-widget_type=\"heading.default\">\n\t\t\t\t<div class=\"elementor-widget-container\">\n\t\t\t<h3 class=\"elementor-heading-title elementor-size-default\">Contactez-nous d\u00e8s aujourd'hui et profitez de nos services de traduction<\/h3>\t\t<\/div>\n\t\t\t\t<\/div>\n\t\t\t\t<div class=\"elementor-element elementor-element-5082bc7 elementor-widget elementor-widget-text-editor\" data-id=\"5082bc7\" data-element_type=\"widget\" data-widget_type=\"text-editor.default\">\n\t\t\t\t<div class=\"elementor-widget-container\">\n\t\t\t<style>\/*! elementor - v3.17.0 - 08-11-2023 *\/\n.elementor-widget-text-editor.elementor-drop-cap-view-stacked .elementor-drop-cap{background-color:#69727d;color:#fff}.elementor-widget-text-editor.elementor-drop-cap-view-framed .elementor-drop-cap{color:#69727d;border:3px solid;background-color:transparent}.elementor-widget-text-editor:not(.elementor-drop-cap-view-default) .elementor-drop-cap{margin-top:8px}.elementor-widget-text-editor:not(.elementor-drop-cap-view-default) .elementor-drop-cap-letter{width:1em;height:1em}.elementor-widget-text-editor .elementor-drop-cap{float:left;text-align:center;line-height:1;font-size:50px}.elementor-widget-text-editor .elementor-drop-cap-letter{display:inline-block}<\/style>\t\t\t\t<p>WCGI Translation Services, une division de Woodbridge Consulting Group Incorporated (WCGI), est une entreprise familiale bas\u00e9e \u00e0 Woodbridge (Vaughan), Ontario, Canada Nous sommes votre fournisseur pour tous vos besoins linguistiques et nous employons des traducteurs dans le monde entier.<\/p>\n<\/p>\n<p>WCGI dispose d&rsquo;une \u00e9quipe de traducteurs-natifs qui comprennent la complexit\u00e9 et les nuances impliqu\u00e9es dans la traduction de votre mat\u00e9riel d&rsquo;une langue \u00e0 une autre. Chez WCGI, nous comprenons que la traduction est plus qu&rsquo;une simple transaction.<\/p>\n<\/p>\n<p>Nous sommes sp\u00e9cialis\u00e9s dans la communication d&rsquo;entreprise, les pr\u00e9sentations PowerPoint, les sites Web, les \u00e9tiquettes de produits, le mat\u00e9riel de formation, le mat\u00e9riel de marketing, les enseignes, le mat\u00e9riel de vente, les brochures, les fiches techniques et \u00e0 peu pr\u00e8s tout type de document.<\/p>\n<\/p>\n<p>WCGI propose \u00e9galement des services de voix off. Nous vous aidons \u00e0 traduire, synchroniser et utiliser notre voix off pour vous aider \u00e0 communiquer votre message dans la plupart des langues. Nous sommes tr\u00e8s fiers de notre travail. Nous aimons ce que nous faisons et cela se voit.<\/p>\n<\/p>\n<p>Nous sommes tr\u00e8s fiers de notre travail. Nous aimons ce que nous faisons et cela se voit. Nous sommes heureux de vous aider avec vos petites et grandes missions. Nos chefs de projet sont exp\u00e9riment\u00e9s et nos traducteurs sont professionnels. Nous sommes connus pour \u00eatre rapides, flexibles, pr\u00e9cis et agr\u00e9ables \u00e0 travailler et nos prix sont tr\u00e8s raisonnables.<\/p>\n<\/p>\n<p>Notre \u00e9quipe de direction a parcouru le monde et a travaill\u00e9 dans 7 pays. Nous comprenons le vrai sens de communiquer avec pr\u00e9cision et en respectant les diff\u00e9rences culturelles, tout en ne faisant aucun compromis sur le message \u00e0 livrer.<\/p>\n\t\t\t\t\t\t<\/div>\n\t\t\t\t<\/div>\n\t\t\t\t<div class=\"elementor-element elementor-element-547c3de elementor-widget elementor-widget-button\" data-id=\"547c3de\" data-element_type=\"widget\" data-widget_type=\"button.default\">\n\t\t\t\t<div class=\"elementor-widget-container\">\n\t\t\t\t\t<div class=\"elementor-button-wrapper\">\n\t\t\t<a class=\"elementor-button elementor-button-link elementor-size-sm\" href=\"https:\/\/www.wcgiconsulting.com\/fr\/nous-joindre\/\">\n\t\t\t\t\t\t<span class=\"elementor-button-content-wrapper\">\n\t\t\t\t\t\t<span class=\"elementor-button-text\">COMMENCEZ AUJOURD'HUI<\/span>\n\t\t<\/span>\n\t\t\t\t\t<\/a>\n\t\t<\/div>\n\t\t\t\t<\/div>\n\t\t\t\t<\/div>\n\t\t\t\t\t<\/div>\n\t\t<\/div>\n\t\t\t\t\t\t\t<\/div>\n\t\t<\/section>\n\t\t\t\t<section class=\"elementor-section elementor-top-section elementor-element elementor-element-9d88143 elementor-section-boxed elementor-section-height-default elementor-section-height-default\" data-id=\"9d88143\" data-element_type=\"section\" data-settings=\"{&quot;background_background&quot;:&quot;classic&quot;}\">\n\t\t\t\t\t\t<div class=\"elementor-container elementor-column-gap-default\">\n\t\t\t\t\t<div class=\"elementor-column elementor-col-100 elementor-top-column elementor-element elementor-element-99b3a71\" data-id=\"99b3a71\" data-element_type=\"column\">\n\t\t\t<div class=\"elementor-widget-wrap elementor-element-populated\">\n\t\t\t\t\t\t\t\t<div class=\"elementor-element elementor-element-c636d79 elementor-widget elementor-widget-heading\" data-id=\"c636d79\" data-element_type=\"widget\" data-widget_type=\"heading.default\">\n\t\t\t\t<div class=\"elementor-widget-container\">\n\t\t\t<h3 class=\"elementor-heading-title elementor-size-default\">Voici ce que nos clients disent des services de traduction WCGI :<\/h3>\t\t<\/div>\n\t\t\t\t<\/div>\n\t\t\t\t<div class=\"elementor-element elementor-element-72ccb4f elementor-widget elementor-widget-elementskit-testimonial\" data-id=\"72ccb4f\" data-element_type=\"widget\" data-widget_type=\"elementskit-testimonial.default\">\n\t\t\t\t<div class=\"elementor-widget-container\">\n\t\t\t<div class=\"ekit-wid-con\" ><div class=\"elementskit-testimonial-slider arrow_inside \" data-config=\"{&quot;rtl&quot;:false,&quot;arrows&quot;:false,&quot;dots&quot;:false,&quot;pauseOnHover&quot;:true,&quot;autoplay&quot;:true,&quot;speed&quot;:1000,&quot;slidesPerGroup&quot;:1,&quot;slidesPerView&quot;:1,&quot;loop&quot;:false,&quot;spaceBetween&quot;:15,&quot;breakpoints&quot;:{&quot;320&quot;:{&quot;slidesPerView&quot;:1,&quot;slidesPerGroup&quot;:1,&quot;spaceBetween&quot;:10},&quot;768&quot;:{&quot;slidesPerView&quot;:1,&quot;slidesPerGroup&quot;:1,&quot;spaceBetween&quot;:10},&quot;1024&quot;:{&quot;slidesPerView&quot;:1,&quot;slidesPerGroup&quot;:1,&quot;spaceBetween&quot;:15}}}\">\n\t<div class=\"ekit-main-swiper swiper\">\n\t\t<div class=\"swiper-wrapper\">\n\t\t\t\t\t\t\t\t<div class=\"swiper-slide\">\n\t\t\t\t\t\t<div class=\"swiper-slide-inner\">\n\t\t\t\t\t\t\t<div class=\"elementskit-testimonial_card\" style=\"background-image: url();\" >\n\t\t\t\t\t\t\t\t\n\t\t\t\t\t\t\t\t\n\t\t\t\t\t\t\t\t\n\t\t\t\t\t\t\t\t<span class=\"elementskit-profile-info\">\n\t\t\t\t\t\t\t\t\t<strong class=\"elementskit-author-name\">&quot; Vous \u00eates devenu un partenaire incontournable.&quot;<\/strong>\n\t\t\t\t\t\t\t\t\t<span class=\"elementskit-author-des\"><\/span>\n\t\t\t\t\t\t\t\t<\/span>\n\t\t\t\t\t\t\t\t<div class=\"xs-overlay elementor-repeater-item-b086abb\"><\/div>\n\t\t\t\t\t\t\t<\/div><!-- .testimonial_card END -->\n\t\t\t\t\t\t<\/div>\n\t\t\t\t\t<\/div>\n\t\t\t\t\t\t\t\t<div class=\"swiper-slide\">\n\t\t\t\t\t\t<div class=\"swiper-slide-inner\">\n\t\t\t\t\t\t\t<div class=\"elementskit-testimonial_card\" style=\"background-image: url();\" >\n\t\t\t\t\t\t\t\t\n\t\t\t\t\t\t\t\t\n\t\t\t\t\t\t\t\t\n\t\t\t\t\t\t\t\t<span class=\"elementskit-profile-info\">\n\t\t\t\t\t\t\t\t\t<strong class=\"elementskit-author-name\">&quot; Vous \u00eates vraiment incroyable ! &quot;<\/strong>\n\t\t\t\t\t\t\t\t\t<span class=\"elementskit-author-des\"><\/span>\n\t\t\t\t\t\t\t\t<\/span>\n\t\t\t\t\t\t\t\t<div class=\"xs-overlay elementor-repeater-item-d549cfa\"><\/div>\n\t\t\t\t\t\t\t<\/div><!-- .testimonial_card END -->\n\t\t\t\t\t\t<\/div>\n\t\t\t\t\t<\/div>\n\t\t\t\t\t\t\t\t<div class=\"swiper-slide\">\n\t\t\t\t\t\t<div class=\"swiper-slide-inner\">\n\t\t\t\t\t\t\t<div class=\"elementskit-testimonial_card\" style=\"background-image: url();\" >\n\t\t\t\t\t\t\t\t\n\t\t\t\t\t\t\t\t\n\t\t\t\t\t\t\t\t\n\t\t\t\t\t\t\t\t<span class=\"elementskit-profile-info\">\n\t\t\t\t\t\t\t\t\t<strong class=\"elementskit-author-name\">Nous pensons que parfois, vous vous souciez encore plus de nous que nous-m\u00eames !<\/strong>\n\t\t\t\t\t\t\t\t\t<span class=\"elementskit-author-des\"><\/span>\n\t\t\t\t\t\t\t\t<\/span>\n\t\t\t\t\t\t\t\t<div class=\"xs-overlay elementor-repeater-item-0f44d56\"><\/div>\n\t\t\t\t\t\t\t<\/div><!-- .testimonial_card END -->\n\t\t\t\t\t\t<\/div>\n\t\t\t\t\t<\/div>\n\t\t\t\t\t\t\t\t<div class=\"swiper-slide\">\n\t\t\t\t\t\t<div class=\"swiper-slide-inner\">\n\t\t\t\t\t\t\t<div class=\"elementskit-testimonial_card\" style=\"background-image: url();\" >\n\t\t\t\t\t\t\t\t\n\t\t\t\t\t\t\t\t\n\t\t\t\t\t\t\t\t\n\t\t\t\t\t\t\t\t<span class=\"elementskit-profile-info\">\n\t\t\t\t\t\t\t\t\t<strong class=\"elementskit-author-name\">&quot;Merci d&#039;avoir fait un effort suppl\u00e9mentaire ; nous sommes si reconnaissants&quot;<\/strong>\n\t\t\t\t\t\t\t\t\t<span class=\"elementskit-author-des\"><\/span>\n\t\t\t\t\t\t\t\t<\/span>\n\t\t\t\t\t\t\t\t<div class=\"xs-overlay elementor-repeater-item-c49090e\"><\/div>\n\t\t\t\t\t\t\t<\/div><!-- .testimonial_card END -->\n\t\t\t\t\t\t<\/div>\n\t\t\t\t\t<\/div>\n\t\t\t\t\t\t\t\t<div class=\"swiper-slide\">\n\t\t\t\t\t\t<div class=\"swiper-slide-inner\">\n\t\t\t\t\t\t\t<div class=\"elementskit-testimonial_card\" style=\"background-image: url();\" >\n\t\t\t\t\t\t\t\t\n\t\t\t\t\t\t\t\t\n\t\t\t\t\t\t\t\t\n\t\t\t\t\t\t\t\t<span class=\"elementskit-profile-info\">\n\t\t\t\t\t\t\t\t\t<strong class=\"elementskit-author-name\">Je ne sais pas comment tu as r\u00e9ussi \u00e0 faire tourner ce projet si vite !<\/strong>\n\t\t\t\t\t\t\t\t\t<span class=\"elementskit-author-des\"><\/span>\n\t\t\t\t\t\t\t\t<\/span>\n\t\t\t\t\t\t\t\t<div class=\"xs-overlay elementor-repeater-item-cf6ba00\"><\/div>\n\t\t\t\t\t\t\t<\/div><!-- .testimonial_card END -->\n\t\t\t\t\t\t<\/div>\n\t\t\t\t\t<\/div>\n\t\t\t\t\t\t\t\t<div class=\"swiper-slide\">\n\t\t\t\t\t\t<div class=\"swiper-slide-inner\">\n\t\t\t\t\t\t\t<div class=\"elementskit-testimonial_card\" style=\"background-image: url();\" >\n\t\t\t\t\t\t\t\t\n\t\t\t\t\t\t\t\t\n\t\t\t\t\t\t\t\t\n\t\t\t\t\t\t\t\t<span class=\"elementskit-profile-info\">\n\t\t\t\t\t\t\t\t\t<strong class=\"elementskit-author-name\">&quot; Vous avez r\u00e9ussi \u00e0 capturer l&#039;essence de notre message dans les 4 pays ! Merci d&#039;avoir rendu notre vie plus facile.&quot;<\/strong>\n\t\t\t\t\t\t\t\t\t<span class=\"elementskit-author-des\"><\/span>\n\t\t\t\t\t\t\t\t<\/span>\n\t\t\t\t\t\t\t\t<div class=\"xs-overlay elementor-repeater-item-757a916\"><\/div>\n\t\t\t\t\t\t\t<\/div><!-- .testimonial_card END -->\n\t\t\t\t\t\t<\/div>\n\t\t\t\t\t<\/div>\n\t\t\t\t\t<\/div>\n\n\t\t\n\t\t\t<\/div>\n<\/div>\n<\/div>\t\t<\/div>\n\t\t\t\t<\/div>\n\t\t\t\t\t<\/div>\n\t\t<\/div>\n\t\t\t\t\t\t\t<\/div>\n\t\t<\/section>\n\t\t\t\t<section class=\"elementor-section elementor-top-section elementor-element elementor-element-acdfb0b elementor-section-boxed elementor-section-height-default elementor-section-height-default\" data-id=\"acdfb0b\" data-element_type=\"section\">\n\t\t\t\t\t\t<div class=\"elementor-container elementor-column-gap-default\">\n\t\t\t\t\t<div class=\"elementor-column elementor-col-100 elementor-top-column elementor-element elementor-element-bfb6096\" data-id=\"bfb6096\" data-element_type=\"column\">\n\t\t\t<div class=\"elementor-widget-wrap elementor-element-populated\">\n\t\t\t\t\t\t\t\t<div class=\"elementor-element elementor-element-2352878 service-page-accordion elementor-widget elementor-widget-accordion\" data-id=\"2352878\" data-element_type=\"widget\" data-widget_type=\"accordion.default\">\n\t\t\t\t<div class=\"elementor-widget-container\">\n\t\t\t<style>\/*! elementor - v3.17.0 - 08-11-2023 *\/\n.elementor-accordion{text-align:left}.elementor-accordion .elementor-accordion-item{border:1px solid #d5d8dc}.elementor-accordion .elementor-accordion-item+.elementor-accordion-item{border-top:none}.elementor-accordion .elementor-tab-title{margin:0;padding:15px 20px;font-weight:700;line-height:1;cursor:pointer;outline:none}.elementor-accordion .elementor-tab-title .elementor-accordion-icon{display:inline-block;width:1.5em}.elementor-accordion .elementor-tab-title .elementor-accordion-icon svg{width:1em;height:1em}.elementor-accordion .elementor-tab-title .elementor-accordion-icon.elementor-accordion-icon-right{float:right;text-align:right}.elementor-accordion .elementor-tab-title .elementor-accordion-icon.elementor-accordion-icon-left{float:left;text-align:left}.elementor-accordion .elementor-tab-title .elementor-accordion-icon .elementor-accordion-icon-closed{display:block}.elementor-accordion .elementor-tab-title .elementor-accordion-icon .elementor-accordion-icon-opened,.elementor-accordion .elementor-tab-title.elementor-active .elementor-accordion-icon-closed{display:none}.elementor-accordion .elementor-tab-title.elementor-active .elementor-accordion-icon-opened{display:block}.elementor-accordion .elementor-tab-content{display:none;padding:15px 20px;border-top:1px solid #d5d8dc}@media (max-width:767px){.elementor-accordion .elementor-tab-title{padding:12px 15px}.elementor-accordion .elementor-tab-title .elementor-accordion-icon{width:1.2em}.elementor-accordion .elementor-tab-content{padding:7px 15px}}.e-con-inner>.elementor-widget-accordion,.e-con>.elementor-widget-accordion{width:var(--container-widget-width);--flex-grow:var(--container-widget-flex-grow)}<\/style>\t\t<div class=\"elementor-accordion\">\n\t\t\t\t\t\t\t<div class=\"elementor-accordion-item\">\n\t\t\t\t\t<div id=\"elementor-tab-title-3701\" class=\"elementor-tab-title\" data-tab=\"1\" role=\"button\" aria-controls=\"elementor-tab-content-3701\" aria-expanded=\"false\">\n\t\t\t\t\t\t\t\t\t\t\t\t\t<span class=\"elementor-accordion-icon elementor-accordion-icon-left\" aria-hidden=\"true\">\n\t\t\t\t\t\t\t\t\t\t\t\t\t\t\t<span class=\"elementor-accordion-icon-closed\"><svg xmlns=\"http:\/\/www.w3.org\/2000\/svg\" width=\"21\" height=\"21\" viewBox=\"0 0 21 21\"><defs><style>.a{fill:white}<\/style><\/defs><polygon class=\"a\" points=\"0, 0 21, 11 0, 21\"><\/polygon><\/svg><\/span>\n\t\t\t\t\t\t\t\t<span class=\"elementor-accordion-icon-opened\"><svg xmlns=\"http:\/\/www.w3.org\/2000\/svg\" xmlns:xlink=\"http:\/\/www.w3.org\/1999\/xlink\" id=\"Layer_1\" x=\"0px\" y=\"0px\" viewBox=\"0 0 21 21\" style=\"enable-background:new 0 0 21 21;\" xml:space=\"preserve\"><style type=\"text\/css\">\t.st0{fill:#FFFFFF;}<\/style><polygon class=\"st0\" points=\"21,0 10,21 0,0 \"><\/polygon><\/svg><\/span>\n\t\t\t\t\t\t\t\t\t\t\t\t\t\t<\/span>\n\t\t\t\t\t\t\t\t\t\t\t\t<a class=\"elementor-accordion-title\" tabindex=\"0\">Services-conseils pour la haute directions<\/a>\n\t\t\t\t\t<\/div>\n\t\t\t\t\t<div id=\"elementor-tab-content-3701\" class=\"elementor-tab-content elementor-clearfix\" data-tab=\"1\" role=\"region\" aria-labelledby=\"elementor-tab-title-3701\"><p>WCGI<\/p>\n<p>est construit sur la force de d\u00e9cennies d&rsquo;exp\u00e9rience de haute direction aux niveaux de PDG, COO, Pr\u00e9sident, Vice-Pr\u00e9sident et Directeur.<\/p>\n<\/p>\n<p>Nous offrons et donnons aux petites et moyennes entreprises la possibilit\u00e9 d&rsquo;avoir acc\u00e8s \u00e0 des cadres sup\u00e9rieurs professionnels en mission \u00e0 court ou long terme pour aider \u00e0 diriger, dynamiser, g\u00e9rer ou simplement participer \u00e0 la vie de l\u2019entreprise.<\/p>\n<\/p>\n<p>Nos cadres sup\u00e9rieurs ont \u00e9t\u00e9 impliqu\u00e9s aupr\u00e8s d\u2019un large \u00e9ventail de clients, et chaque relation client est grandement appr\u00e9ci\u00e9e.<\/p>\n<\/p>\n<p>Chaque projet b\u00e9n\u00e9ficiera de la profondeur et de l&rsquo;\u00e9tendue de nos exp\u00e9riences combin\u00e9es.<\/p>\n<\/p>\n<p>Les professionnels de WCGI ont une exp\u00e9rience dans le :<\/p>\n<\/p>\n<ul>\n<li>D\u00e9veloppement organisationnel<\/li>\n<li>Am\u00e9liorations des processus m\u00e9tier<\/li>\n<li>D\u00e9veloppement strat\u00e9gique des affaires<\/li>\n<li>Marchandisage au d\u00e9tail<\/li>\n<li>Inventaire au d\u00e9tail<\/li>\n<li>Inventaire des actifs<\/li>\n<li>Solutions d&rsquo;\u00e9tiquetage des actifs et de codes-barres.<\/li>\n<\/ul>\n<\/div>\n\t\t\t\t<\/div>\n\t\t\t\t\t\t\t<div class=\"elementor-accordion-item\">\n\t\t\t\t\t<div id=\"elementor-tab-title-3702\" class=\"elementor-tab-title\" data-tab=\"2\" role=\"button\" aria-controls=\"elementor-tab-content-3702\" aria-expanded=\"false\">\n\t\t\t\t\t\t\t\t\t\t\t\t\t<span class=\"elementor-accordion-icon elementor-accordion-icon-left\" aria-hidden=\"true\">\n\t\t\t\t\t\t\t\t\t\t\t\t\t\t\t<span class=\"elementor-accordion-icon-closed\"><svg xmlns=\"http:\/\/www.w3.org\/2000\/svg\" width=\"21\" height=\"21\" viewBox=\"0 0 21 21\"><defs><style>.a{fill:white}<\/style><\/defs><polygon class=\"a\" points=\"0, 0 21, 11 0, 21\"><\/polygon><\/svg><\/span>\n\t\t\t\t\t\t\t\t<span class=\"elementor-accordion-icon-opened\"><svg xmlns=\"http:\/\/www.w3.org\/2000\/svg\" xmlns:xlink=\"http:\/\/www.w3.org\/1999\/xlink\" id=\"Layer_1\" x=\"0px\" y=\"0px\" viewBox=\"0 0 21 21\" style=\"enable-background:new 0 0 21 21;\" xml:space=\"preserve\"><style type=\"text\/css\">\t.st0{fill:#FFFFFF;}<\/style><polygon class=\"st0\" points=\"21,0 10,21 0,0 \"><\/polygon><\/svg><\/span>\n\t\t\t\t\t\t\t\t\t\t\t\t\t\t<\/span>\n\t\t\t\t\t\t\t\t\t\t\t\t<a class=\"elementor-accordion-title\" tabindex=\"0\">Services de soutien aux entreprises<\/a>\n\t\t\t\t\t<\/div>\n\t\t\t\t\t<div id=\"elementor-tab-content-3702\" class=\"elementor-tab-content elementor-clearfix\" data-tab=\"2\" role=\"region\" aria-labelledby=\"elementor-tab-title-3702\"><p>WCGI propose des services de soutien aux entreprises abordables tels que des services de traduction professionnels, des services de voix off vid\u00e9o et de la gestion de base de donn\u00e9es.<\/p>\n<\/p>\n<p>Nous g\u00e9rons un r\u00e9seau professionnel d&rsquo;individus extraordinaires qui excellent dans leur domaine d\u2019expertise : aider et assister les entreprises \u00e0 travers des services professionnels de soutien aux entreprises suivant :<\/p>\n<\/p>\n<ul>\n<li>Services de traduction professionnelle (toutes les langues)<\/li>\n<li>Services cr\u00e9atifs (sites Web, logos, vid\u00e9os promotionnelles)<\/li>\n<li>Services de voix off vid\u00e9o<\/li>\n<li>Gestion de base de donn\u00e9es, conciliation et rapport.<\/li>\n<\/ul>\n<\/div>\n\t\t\t\t<\/div>\n\t\t\t\t\t\t\t\t<\/div>\n\t\t\t\t<\/div>\n\t\t\t\t<\/div>\n\t\t\t\t\t<\/div>\n\t\t<\/div>\n\t\t\t\t\t\t\t<\/div>\n\t\t<\/section>\n\t\t\t\t\t\t\t<\/div>\n\t\t","protected":false},"excerpt":{"rendered":"<p>NOUS OFFRONS DES SERVICES DE TRADUCTION PROFESSIONNELLE POUR LES ENTREPRISES. PARLEZ \u00c0 NOS EXPERTS! Contactez-nous d\u00e8s aujourd&rsquo;hui et profitez de nos services de traduction WCGI Translation Services, une division de Woodbridge Consulting Group Incorporated (WCGI), est une entreprise familiale bas\u00e9e \u00e0 Woodbridge (Vaughan), Ontario, Canada Nous sommes votre fournisseur pour tous vos besoins linguistiques et [&hellip;]<\/p>\n","protected":false},"author":1,"featured_media":0,"parent":0,"menu_order":0,"comment_status":"closed","ping_status":"closed","template":"","meta":{"inline_featured_image":false,"footnotes":""},"class_list":["post-763","page","type-page","status-publish","hentry"],"_links":{"self":[{"href":"https:\/\/www.wcgiconsulting.com\/fr\/wp-json\/wp\/v2\/pages\/763","targetHints":{"allow":["GET"]}}],"collection":[{"href":"https:\/\/www.wcgiconsulting.com\/fr\/wp-json\/wp\/v2\/pages"}],"about":[{"href":"https:\/\/www.wcgiconsulting.com\/fr\/wp-json\/wp\/v2\/types\/page"}],"author":[{"embeddable":true,"href":"https:\/\/www.wcgiconsulting.com\/fr\/wp-json\/wp\/v2\/users\/1"}],"replies":[{"embeddable":true,"href":"https:\/\/www.wcgiconsulting.com\/fr\/wp-json\/wp\/v2\/comments?post=763"}],"version-history":[{"count":5,"href":"https:\/\/www.wcgiconsulting.com\/fr\/wp-json\/wp\/v2\/pages\/763\/revisions"}],"predecessor-version":[{"id":765,"href":"https:\/\/www.wcgiconsulting.com\/fr\/wp-json\/wp\/v2\/pages\/763\/revisions\/765"}],"wp:attachment":[{"href":"https:\/\/www.wcgiconsulting.com\/fr\/wp-json\/wp\/v2\/media?parent=763"}],"curies":[{"name":"wp","href":"https:\/\/api.w.org\/{rel}","templated":true}]}}