{"id":778,"date":"2023-11-22T11:49:38","date_gmt":"2023-11-22T11:49:38","guid":{"rendered":"https:\/\/www.wcgiconsulting.com\/blogue\/"},"modified":"2023-11-23T17:24:47","modified_gmt":"2023-11-23T17:24:47","slug":"blogue","status":"publish","type":"page","link":"https:\/\/www.wcgiconsulting.com\/fr\/blogue\/","title":{"rendered":"Blogue"},"content":{"rendered":"\t\t<div data-elementor-type=\"wp-page\" data-elementor-id=\"778\" class=\"elementor elementor-778 elementor-44\">\n\t\t\t\t\t\t\t\t\t<section class=\"elementor-section elementor-top-section elementor-element elementor-element-ad13024 elementor-section-boxed elementor-section-height-default elementor-section-height-default\" data-id=\"ad13024\" data-element_type=\"section\">\n\t\t\t\t\t\t<div class=\"elementor-container elementor-column-gap-default\">\n\t\t\t\t\t<div class=\"elementor-column elementor-col-100 elementor-top-column elementor-element elementor-element-a28a408\" data-id=\"a28a408\" data-element_type=\"column\">\n\t\t\t<div class=\"elementor-widget-wrap elementor-element-populated\">\n\t\t\t\t\t\t\t\t<div class=\"elementor-element elementor-element-fe37ac5 elementor-widget elementor-widget-heading\" data-id=\"fe37ac5\" data-element_type=\"widget\" data-widget_type=\"heading.default\">\n\t\t\t\t<div class=\"elementor-widget-container\">\n\t\t\t<style>\/*! elementor - v3.17.0 - 08-11-2023 *\/\n.elementor-heading-title{padding:0;margin:0;line-height:1}.elementor-widget-heading .elementor-heading-title[class*=elementor-size-]>a{color:inherit;font-size:inherit;line-height:inherit}.elementor-widget-heading .elementor-heading-title.elementor-size-small{font-size:15px}.elementor-widget-heading .elementor-heading-title.elementor-size-medium{font-size:19px}.elementor-widget-heading .elementor-heading-title.elementor-size-large{font-size:29px}.elementor-widget-heading .elementor-heading-title.elementor-size-xl{font-size:39px}.elementor-widget-heading .elementor-heading-title.elementor-size-xxl{font-size:59px}<\/style><h2 class=\"elementor-heading-title elementor-size-default\">Blogue<\/h2>\t\t<\/div>\n\t\t\t\t<\/div>\n\t\t\t\t<div class=\"elementor-element elementor-element-d7f3bba elementor-widget elementor-widget-elementskit-blog-posts\" data-id=\"d7f3bba\" data-element_type=\"widget\" data-widget_type=\"elementskit-blog-posts.default\">\n\t\t\t\t<div class=\"elementor-widget-container\">\n\t\t\t<div class=\"ekit-wid-con\" >        <div id=\"post-items--d7f3bba\" class=\"row post-items\">\n                    <div class=\"col-lg-4 col-md-6\">\n\n                                    <div class=\"elementskit-post-image-card\">\n                        <div class=\"elementskit-entry-header\">\n                                                            <a href=\"https:\/\/www.wcgiconsulting.com\/fr\/la-realite-les-consommateurs-preferent-communiquer-dans-leur-propre-langue\/\" class=\"elementskit-entry-thumb\">\n                                    <img decoding=\"async\" src=\"https:\/\/www.wcgiconsulting.com\/wp-content\/uploads\/2023\/11\/placeholder.jpg\" alt=\"La r\u00e9alit\u00e9 : les consommateurs pr\u00e9f\u00e8rent communiquer dans leur propre langue\">\n                                <\/a><!-- .elementskit-entry-thumb END -->\n                                                            \n                            \n\t\t\t\t\t\t\t\t\t\t\t\t\t<\/div><!-- .elementskit-entry-header END -->\n\n\t\t\t\t\t\t<div class=\"elementskit-post-body \">\n\t\t\t\t\t\t\t\n\t\t\t\t\t\t\t\t\t\t\t\t\t\t\t\t\t\t\t\t\t\t\t\t\t\t\t\t<div class=\"post-meta-list\">\n\t\t\t\t\t\t\t\t\t\t\t\t\t\t\t\t\t\t\t\t\t\t\t\t\t\t\t\t\t\t\t\t<span class=\"meta-date\">\n\n\t\t\t\t\t\t\t\t\t\t\n\t\t\t\t\t\t\t\t\t\t<span class=\"meta-date-text\">\n\t\t\t\t\t\t\t\t\t\t\t8 septembre 2021\t\t\t\t\t\t\t\t\t\t<\/span>\n\t\t\t\t\t\t\t\t\t<\/span>\n\t\t\t\t\t\t\t\t\t\t\t\t\t\t\t\t\t\t\t\t\t\t\t\t\t\t\t\t\t\t\t\t\t\t\t\t\t<\/div>\n\t\t\t\t\t\t\t\t\t\t\t\t\t\n\t\t\t\t\t\t\t\t\n\t\t\t\t\t\t\t\t\t\t\t\t\t\t\t\t\t\t\t\t\t<h2 class=\"entry-title\">\n\t\t\t\t\t<a href=\"https:\/\/www.wcgiconsulting.com\/fr\/la-realite-les-consommateurs-preferent-communiquer-dans-leur-propre-langue\/\">\n\t\t\t\t\t\tLa r\u00e9alit\u00e9 : les consommateurs pr\u00e9f\u00e8rent communiquer dans leur propre langue\t\t\t\t\t<\/a>\n\t\t\t\t<\/h2>\n\t\t\t\t\t\t\t\t\t\t\t\t\t\t\t\t\t\t\t\t\t\t\t\t\t\t\t\t\t\t\t\t\t\t\t\t\t\t\t\t\t\t<p>Partage Tweeter La r\u00e9alit\u00e9 : les consommateurs pr\u00e9f\u00e8rent communiquer dans leur propre langue Novembre 23, 2023 De l\u2019importance des langues \u00e0 l\u2019international Si vous souhaitez vous d\u00e9velopper \u00e0 l\u2019international, il vous faut comprendre vos consommateurs\u2026<\/p>\n\t\t\t\t\t\t\t\t\t\t\t\t\t\t\t\t\t\t\t\t\t\t                                                            <div class=\"btn-wraper\">\n                                    \n                                                                            <a href=\"https:\/\/www.wcgiconsulting.com\/fr\/la-realite-les-consommateurs-preferent-communiquer-dans-leur-propre-langue\/\" class=\"elementskit-btn Post-button whitespace--normal\" >\n                                                                                    Plus &gt;&gt;                                        <\/a>\n                                                                    <\/div>\n                                                    <\/div><!-- .elementskit-post-body END -->\n                    <\/div>\n                \n            <\/div>\n                    <div class=\"col-lg-4 col-md-6\">\n\n                                    <div class=\"elementskit-post-image-card\">\n                        <div class=\"elementskit-entry-header\">\n                                                            <a href=\"https:\/\/www.wcgiconsulting.com\/fr\/limportance-de-la-traduction-dans-la-communication-dentreprise\/\" class=\"elementskit-entry-thumb\">\n                                    <img decoding=\"async\" src=\"https:\/\/www.wcgiconsulting.com\/wp-content\/uploads\/2023\/11\/placeholder.jpg\" alt=\"L\u2019importance de la traduction dans la communication d\u2019entreprise\">\n                                <\/a><!-- .elementskit-entry-thumb END -->\n                                                            \n                            \n\t\t\t\t\t\t\t\t\t\t\t\t\t<\/div><!-- .elementskit-entry-header END -->\n\n\t\t\t\t\t\t<div class=\"elementskit-post-body \">\n\t\t\t\t\t\t\t\n\t\t\t\t\t\t\t\t\t\t\t\t\t\t\t\t\t\t\t\t\t\t\t\t\t\t\t\t<div class=\"post-meta-list\">\n\t\t\t\t\t\t\t\t\t\t\t\t\t\t\t\t\t\t\t\t\t\t\t\t\t\t\t\t\t\t\t\t<span class=\"meta-date\">\n\n\t\t\t\t\t\t\t\t\t\t\n\t\t\t\t\t\t\t\t\t\t<span class=\"meta-date-text\">\n\t\t\t\t\t\t\t\t\t\t\t26 ao\u00fbt 2021\t\t\t\t\t\t\t\t\t\t<\/span>\n\t\t\t\t\t\t\t\t\t<\/span>\n\t\t\t\t\t\t\t\t\t\t\t\t\t\t\t\t\t\t\t\t\t\t\t\t\t\t\t\t\t\t\t\t\t\t\t\t\t<\/div>\n\t\t\t\t\t\t\t\t\t\t\t\t\t\n\t\t\t\t\t\t\t\t\n\t\t\t\t\t\t\t\t\t\t\t\t\t\t\t\t\t\t\t\t\t<h2 class=\"entry-title\">\n\t\t\t\t\t<a href=\"https:\/\/www.wcgiconsulting.com\/fr\/limportance-de-la-traduction-dans-la-communication-dentreprise\/\">\n\t\t\t\t\t\tL\u2019importance de la traduction dans la communication d\u2019entreprise\t\t\t\t\t<\/a>\n\t\t\t\t<\/h2>\n\t\t\t\t\t\t\t\t\t\t\t\t\t\t\t\t\t\t\t\t\t\t\t\t\t\t\t\t\t\t\t\t\t\t\t\t\t\t\t\t\t\t<p>L\u2019importance de la traduction dans la communication d\u2019entreprise Novembre 23, 2023 D\u00e9velopper votre entreprise sur de nouveaux march\u00e9s ne consiste pas seulement \u00e0 communiquer votre produit \u00e0 de futurs clients et acheteurs, mais aussi \u00e0\u2026<\/p>\n\t\t\t\t\t\t\t\t\t\t\t\t\t\t\t\t\t\t\t\t\t\t                                                            <div class=\"btn-wraper\">\n                                    \n                                                                            <a href=\"https:\/\/www.wcgiconsulting.com\/fr\/limportance-de-la-traduction-dans-la-communication-dentreprise\/\" class=\"elementskit-btn Post-button whitespace--normal\" >\n                                                                                    Plus &gt;&gt;                                        <\/a>\n                                                                    <\/div>\n                                                    <\/div><!-- .elementskit-post-body END -->\n                    <\/div>\n                \n            <\/div>\n                    <div class=\"col-lg-4 col-md-6\">\n\n                                    <div class=\"elementskit-post-image-card\">\n                        <div class=\"elementskit-entry-header\">\n                                                            <a href=\"https:\/\/www.wcgiconsulting.com\/fr\/comment-les-services-de-traduction-professionnelle-peuvent-ils-vous-aider-a-vendre-des-produits-sur-les-marches-internationaux\/\" class=\"elementskit-entry-thumb\">\n                                    <img decoding=\"async\" src=\"https:\/\/www.wcgiconsulting.com\/wp-content\/uploads\/2023\/11\/placeholder.jpg\" alt=\"Comment les services de traduction professionnelle peuvent-ils vous aider \u00e0 vendre des produits sur les march\u00e9s internationaux ?\">\n                                <\/a><!-- .elementskit-entry-thumb END -->\n                                                            \n                            \n\t\t\t\t\t\t\t\t\t\t\t\t\t<\/div><!-- .elementskit-entry-header END -->\n\n\t\t\t\t\t\t<div class=\"elementskit-post-body \">\n\t\t\t\t\t\t\t\n\t\t\t\t\t\t\t\t\t\t\t\t\t\t\t\t\t\t\t\t\t\t\t\t\t\t\t\t<div class=\"post-meta-list\">\n\t\t\t\t\t\t\t\t\t\t\t\t\t\t\t\t\t\t\t\t\t\t\t\t\t\t\t\t\t\t\t\t<span class=\"meta-date\">\n\n\t\t\t\t\t\t\t\t\t\t\n\t\t\t\t\t\t\t\t\t\t<span class=\"meta-date-text\">\n\t\t\t\t\t\t\t\t\t\t\t16 ao\u00fbt 2021\t\t\t\t\t\t\t\t\t\t<\/span>\n\t\t\t\t\t\t\t\t\t<\/span>\n\t\t\t\t\t\t\t\t\t\t\t\t\t\t\t\t\t\t\t\t\t\t\t\t\t\t\t\t\t\t\t\t\t\t\t\t\t<\/div>\n\t\t\t\t\t\t\t\t\t\t\t\t\t\n\t\t\t\t\t\t\t\t\n\t\t\t\t\t\t\t\t\t\t\t\t\t\t\t\t\t\t\t\t\t<h2 class=\"entry-title\">\n\t\t\t\t\t<a href=\"https:\/\/www.wcgiconsulting.com\/fr\/comment-les-services-de-traduction-professionnelle-peuvent-ils-vous-aider-a-vendre-des-produits-sur-les-marches-internationaux\/\">\n\t\t\t\t\t\tComment les services de traduction professionnelle peuvent-ils vous aider \u00e0 vendre des produits sur les march\u00e9s internationaux ?\t\t\t\t\t<\/a>\n\t\t\t\t<\/h2>\n\t\t\t\t\t\t\t\t\t\t\t\t\t\t\t\t\t\t\t\t\t\t\t\t\t\t\t\t\t\t\t\t\t\t\t\t\t\t\t\t\t\t<p>Partage Tweeter Comment les services de traduction professionnelle peuvent-ils vous aider \u00e0 vendre des produits sur les march\u00e9s internationaux ? Novembre 23, 2023 La d\u00e9cision d\u2019\u00e9tendre votre entreprise et ses produits \u00e0 l\u2019international peut \u00eatre\u2026<\/p>\n\t\t\t\t\t\t\t\t\t\t\t\t\t\t\t\t\t\t\t\t\t\t                                                            <div class=\"btn-wraper\">\n                                    \n                                                                            <a href=\"https:\/\/www.wcgiconsulting.com\/fr\/comment-les-services-de-traduction-professionnelle-peuvent-ils-vous-aider-a-vendre-des-produits-sur-les-marches-internationaux\/\" class=\"elementskit-btn Post-button whitespace--normal\" >\n                                                                                    Plus &gt;&gt;                                        <\/a>\n                                                                    <\/div>\n                                                    <\/div><!-- .elementskit-post-body END -->\n                    <\/div>\n                \n            <\/div>\n                    <div class=\"col-lg-4 col-md-6\">\n\n                                    <div class=\"elementskit-post-image-card\">\n                        <div class=\"elementskit-entry-header\">\n                                                            <a href=\"https:\/\/www.wcgiconsulting.com\/fr\/pourquoi-la-traduction-financiere-professionnelle-est-elle-importante-pour-votre-entreprise\/\" class=\"elementskit-entry-thumb\">\n                                    <img decoding=\"async\" src=\"https:\/\/www.wcgiconsulting.com\/wp-content\/uploads\/2023\/11\/placeholder.jpg\" alt=\"Pourquoi la traduction financi\u00e8re professionnelle est-elle importante pour votre entreprise ?\">\n                                <\/a><!-- .elementskit-entry-thumb END -->\n                                                            \n                            \n\t\t\t\t\t\t\t\t\t\t\t\t\t<\/div><!-- .elementskit-entry-header END -->\n\n\t\t\t\t\t\t<div class=\"elementskit-post-body \">\n\t\t\t\t\t\t\t\n\t\t\t\t\t\t\t\t\t\t\t\t\t\t\t\t\t\t\t\t\t\t\t\t\t\t\t\t<div class=\"post-meta-list\">\n\t\t\t\t\t\t\t\t\t\t\t\t\t\t\t\t\t\t\t\t\t\t\t\t\t\t\t\t\t\t\t\t<span class=\"meta-date\">\n\n\t\t\t\t\t\t\t\t\t\t\n\t\t\t\t\t\t\t\t\t\t<span class=\"meta-date-text\">\n\t\t\t\t\t\t\t\t\t\t\t5 ao\u00fbt 2021\t\t\t\t\t\t\t\t\t\t<\/span>\n\t\t\t\t\t\t\t\t\t<\/span>\n\t\t\t\t\t\t\t\t\t\t\t\t\t\t\t\t\t\t\t\t\t\t\t\t\t\t\t\t\t\t\t\t\t\t\t\t\t<\/div>\n\t\t\t\t\t\t\t\t\t\t\t\t\t\n\t\t\t\t\t\t\t\t\n\t\t\t\t\t\t\t\t\t\t\t\t\t\t\t\t\t\t\t\t\t<h2 class=\"entry-title\">\n\t\t\t\t\t<a href=\"https:\/\/www.wcgiconsulting.com\/fr\/pourquoi-la-traduction-financiere-professionnelle-est-elle-importante-pour-votre-entreprise\/\">\n\t\t\t\t\t\tPourquoi la traduction financi\u00e8re professionnelle est-elle importante pour votre entreprise ?\t\t\t\t\t<\/a>\n\t\t\t\t<\/h2>\n\t\t\t\t\t\t\t\t\t\t\t\t\t\t\t\t\t\t\t\t\t\t\t\t\t\t\t\t\t\t\t\t\t\t\t\t\t\t\t\t\t\t<p>Partage Tweeter Pourquoi la traduction financi\u00e8re professionnelle est-elle importante pour votre entreprise ? Novembre 23, 2023 Bien que l\u2019anglais soit largement compris dans le monde entier, une traduction financi\u00e8re pr\u00e9cise est essentielle pour communiquer des\u2026<\/p>\n\t\t\t\t\t\t\t\t\t\t\t\t\t\t\t\t\t\t\t\t\t\t                                                            <div class=\"btn-wraper\">\n                                    \n                                                                            <a href=\"https:\/\/www.wcgiconsulting.com\/fr\/pourquoi-la-traduction-financiere-professionnelle-est-elle-importante-pour-votre-entreprise\/\" class=\"elementskit-btn Post-button whitespace--normal\" >\n                                                                                    Plus &gt;&gt;                                        <\/a>\n                                                                    <\/div>\n                                                    <\/div><!-- .elementskit-post-body END -->\n                    <\/div>\n                \n            <\/div>\n                    <div class=\"col-lg-4 col-md-6\">\n\n                                    <div class=\"elementskit-post-image-card\">\n                        <div class=\"elementskit-entry-header\">\n                                                            <a href=\"https:\/\/www.wcgiconsulting.com\/fr\/pourquoi-faire-appel-aux-services-dun-traducteur-professionnel\/\" class=\"elementskit-entry-thumb\">\n                                    <img decoding=\"async\" src=\"https:\/\/www.wcgiconsulting.com\/wp-content\/uploads\/2023\/11\/placeholder.jpg\" alt=\"Pourquoi faire appel aux services d\u2019un traducteur professionnel ?\">\n                                <\/a><!-- .elementskit-entry-thumb END -->\n                                                            \n                            \n\t\t\t\t\t\t\t\t\t\t\t\t\t<\/div><!-- .elementskit-entry-header END -->\n\n\t\t\t\t\t\t<div class=\"elementskit-post-body \">\n\t\t\t\t\t\t\t\n\t\t\t\t\t\t\t\t\t\t\t\t\t\t\t\t\t\t\t\t\t\t\t\t\t\t\t\t<div class=\"post-meta-list\">\n\t\t\t\t\t\t\t\t\t\t\t\t\t\t\t\t\t\t\t\t\t\t\t\t\t\t\t\t\t\t\t\t<span class=\"meta-date\">\n\n\t\t\t\t\t\t\t\t\t\t\n\t\t\t\t\t\t\t\t\t\t<span class=\"meta-date-text\">\n\t\t\t\t\t\t\t\t\t\t\t30 juillet 2021\t\t\t\t\t\t\t\t\t\t<\/span>\n\t\t\t\t\t\t\t\t\t<\/span>\n\t\t\t\t\t\t\t\t\t\t\t\t\t\t\t\t\t\t\t\t\t\t\t\t\t\t\t\t\t\t\t\t\t\t\t\t\t<\/div>\n\t\t\t\t\t\t\t\t\t\t\t\t\t\n\t\t\t\t\t\t\t\t\n\t\t\t\t\t\t\t\t\t\t\t\t\t\t\t\t\t\t\t\t\t<h2 class=\"entry-title\">\n\t\t\t\t\t<a href=\"https:\/\/www.wcgiconsulting.com\/fr\/pourquoi-faire-appel-aux-services-dun-traducteur-professionnel\/\">\n\t\t\t\t\t\tPourquoi faire appel aux services d\u2019un traducteur professionnel ?\t\t\t\t\t<\/a>\n\t\t\t\t<\/h2>\n\t\t\t\t\t\t\t\t\t\t\t\t\t\t\t\t\t\t\t\t\t\t\t\t\t\t\t\t\t\t\t\t\t\t\t\t\t\t\t\t\t\t<p>Partage Tweeter Pourquoi faire appel aux services d\u2019un traducteur professionnel ? Novembre 23, 2023 Atteindre un large public de clients potentiels est important pour la croissance de toute entreprise. Un \u00e9l\u00e9ment cl\u00e9 de l\u2019expansion d\u2019une\u2026<\/p>\n\t\t\t\t\t\t\t\t\t\t\t\t\t\t\t\t\t\t\t\t\t\t                                                            <div class=\"btn-wraper\">\n                                    \n                                                                            <a href=\"https:\/\/www.wcgiconsulting.com\/fr\/pourquoi-faire-appel-aux-services-dun-traducteur-professionnel\/\" class=\"elementskit-btn Post-button whitespace--normal\" >\n                                                                                    Plus &gt;&gt;                                        <\/a>\n                                                                    <\/div>\n                                                    <\/div><!-- .elementskit-post-body END -->\n                    <\/div>\n                \n            <\/div>\n                    <div class=\"col-lg-4 col-md-6\">\n\n                                    <div class=\"elementskit-post-image-card\">\n                        <div class=\"elementskit-entry-header\">\n                                                            <a href=\"https:\/\/www.wcgiconsulting.com\/fr\/lavantage-de-faire-appel-a-un-traducteur-professionnel\/\" class=\"elementskit-entry-thumb\">\n                                    <img decoding=\"async\" src=\"https:\/\/www.wcgiconsulting.com\/wp-content\/uploads\/2023\/11\/placeholder.jpg\" alt=\"L&rsquo;avantage de faire appel \u00e0 un traducteur professionnel\">\n                                <\/a><!-- .elementskit-entry-thumb END -->\n                                                            \n                            \n\t\t\t\t\t\t\t\t\t\t\t\t\t<\/div><!-- .elementskit-entry-header END -->\n\n\t\t\t\t\t\t<div class=\"elementskit-post-body \">\n\t\t\t\t\t\t\t\n\t\t\t\t\t\t\t\t\t\t\t\t\t\t\t\t\t\t\t\t\t\t\t\t\t\t\t\t<div class=\"post-meta-list\">\n\t\t\t\t\t\t\t\t\t\t\t\t\t\t\t\t\t\t\t\t\t\t\t\t\t\t\t\t\t\t\t\t<span class=\"meta-date\">\n\n\t\t\t\t\t\t\t\t\t\t\n\t\t\t\t\t\t\t\t\t\t<span class=\"meta-date-text\">\n\t\t\t\t\t\t\t\t\t\t\t7 juillet 2021\t\t\t\t\t\t\t\t\t\t<\/span>\n\t\t\t\t\t\t\t\t\t<\/span>\n\t\t\t\t\t\t\t\t\t\t\t\t\t\t\t\t\t\t\t\t\t\t\t\t\t\t\t\t\t\t\t\t\t\t\t\t\t<\/div>\n\t\t\t\t\t\t\t\t\t\t\t\t\t\n\t\t\t\t\t\t\t\t\n\t\t\t\t\t\t\t\t\t\t\t\t\t\t\t\t\t\t\t\t\t<h2 class=\"entry-title\">\n\t\t\t\t\t<a href=\"https:\/\/www.wcgiconsulting.com\/fr\/lavantage-de-faire-appel-a-un-traducteur-professionnel\/\">\n\t\t\t\t\t\tL&rsquo;avantage de faire appel \u00e0 un traducteur professionnel\t\t\t\t\t<\/a>\n\t\t\t\t<\/h2>\n\t\t\t\t\t\t\t\t\t\t\t\t\t\t\t\t\t\t\t\t\t\t\t\t\t\t\t\t\t\t\t\t\t\t\t\t\t\t\t\t\t\t<p>Partage Tweeter L&rsquo;avantage de faire appel \u00e0 un traducteur professionnel Novembre 23, 2023 Vous avez un contenu attrayant \u00e0 faire traduire et vous \u00eates tent\u00e9 par l\u2019id\u00e9e de faire des \u00e9conomies en faisant appel aux\u2026<\/p>\n\t\t\t\t\t\t\t\t\t\t\t\t\t\t\t\t\t\t\t\t\t\t                                                            <div class=\"btn-wraper\">\n                                    \n                                                                            <a href=\"https:\/\/www.wcgiconsulting.com\/fr\/lavantage-de-faire-appel-a-un-traducteur-professionnel\/\" class=\"elementskit-btn Post-button whitespace--normal\" >\n                                                                                    Plus &gt;&gt;                                        <\/a>\n                                                                    <\/div>\n                                                    <\/div><!-- .elementskit-post-body END -->\n                    <\/div>\n                \n            <\/div>\n                <\/div>\n       <\/div>\t\t<\/div>\n\t\t\t\t<\/div>\n\t\t\t\t\t<\/div>\n\t\t<\/div>\n\t\t\t\t\t\t\t<\/div>\n\t\t<\/section>\n\t\t\t\t\t\t\t<\/div>\n\t\t","protected":false},"excerpt":{"rendered":"<p>Blogue November 23, 2023 The benefits of using a professional translator Partage Tweeter The benefits of using a professional translator November 23, 2023 \u00a0 Do you have compelling content to translate and are tempted by the idea of saving costs by using the services of a&hellip; Plus &gt;&gt; November 23, 2023 Why Should You Hire [&hellip;]<\/p>\n","protected":false},"author":1,"featured_media":0,"parent":0,"menu_order":0,"comment_status":"closed","ping_status":"closed","template":"","meta":{"inline_featured_image":false,"footnotes":""},"class_list":["post-778","page","type-page","status-publish","hentry"],"_links":{"self":[{"href":"https:\/\/www.wcgiconsulting.com\/fr\/wp-json\/wp\/v2\/pages\/778","targetHints":{"allow":["GET"]}}],"collection":[{"href":"https:\/\/www.wcgiconsulting.com\/fr\/wp-json\/wp\/v2\/pages"}],"about":[{"href":"https:\/\/www.wcgiconsulting.com\/fr\/wp-json\/wp\/v2\/types\/page"}],"author":[{"embeddable":true,"href":"https:\/\/www.wcgiconsulting.com\/fr\/wp-json\/wp\/v2\/users\/1"}],"replies":[{"embeddable":true,"href":"https:\/\/www.wcgiconsulting.com\/fr\/wp-json\/wp\/v2\/comments?post=778"}],"version-history":[{"count":1,"href":"https:\/\/www.wcgiconsulting.com\/fr\/wp-json\/wp\/v2\/pages\/778\/revisions"}],"predecessor-version":[{"id":779,"href":"https:\/\/www.wcgiconsulting.com\/fr\/wp-json\/wp\/v2\/pages\/778\/revisions\/779"}],"wp:attachment":[{"href":"https:\/\/www.wcgiconsulting.com\/fr\/wp-json\/wp\/v2\/media?parent=778"}],"curies":[{"name":"wp","href":"https:\/\/api.w.org\/{rel}","templated":true}]}}